{"id":62,"date":"2026-01-06T11:08:34","date_gmt":"2026-01-06T11:08:34","guid":{"rendered":"https:\/\/amatsumara.fr\/?page_id=62"},"modified":"2026-01-08T15:42:47","modified_gmt":"2026-01-08T15:42:47","slug":"contact","status":"publish","type":"page","link":"https:\/\/amatsumara.fr\/index.php\/contact\/","title":{"rendered":"Page contact"},"content":{"rendered":"<p>[et_pb_section fb_built=&#8221;1&#8243; admin_label=&#8221;Contact Info&#8221; _builder_version=&#8221;4.27.5&#8243; _module_preset=&#8221;e6a01d88-737a-42c4-917d-a54cf225a4d7&#8243; background_color=&#8221;#10263C&#8221; background_image=&#8221;http:\/\/amatsumara.fr\/wp-content\/uploads\/2026\/01\/2026_BRIAND-8-Modifie.jpg&#8221; locked=&#8221;off&#8221; global_colors_info=&#8221;{%22gcid-1f1bf5fb-a99d-4acc-8d9e-ddac074c158c%22:%91%22background_color_gradient_stops%22,%22background_color_gradient_stops%22%93,%22gcid-a78660e1-cfc7-4771-a566-6834d6a7f06a%22:%91%22background_color_gradient_stops%22,%22background_color_gradient_stops%22%93,%22gcid-24b0db87-dafa-47d9-995f-b90181e18c52%22:%91%22background_color_gradient_stops%22,%22background_color_gradient_stops%22%93}&#8221;][et_pb_row _builder_version=&#8221;4.25.2&#8243; _module_preset=&#8221;default&#8221; global_colors_info=&#8221;{}&#8221;][et_pb_column type=&#8221;4_4&#8243; _builder_version=&#8221;4.25.2&#8243; _module_preset=&#8221;df1c3307-58b6-4b6b-b1bf-5494d453b232&#8243; custom_padding=&#8221;60px|60px|60px|60px|true|true&#8221; global_colors_info=&#8221;{}&#8221;][et_pb_heading title=&#8221;Nous contacter&#8221; _builder_version=&#8221;4.27.5&#8243; _module_preset=&#8221;default&#8221; title_text_align=&#8221;center&#8221; global_colors_info=&#8221;{}&#8221;][\/et_pb_heading][et_pb_text _builder_version=&#8221;4.27.5&#8243; _module_preset=&#8221;default&#8221; global_colors_info=&#8221;{}&#8221;]<\/p>\n<p style=\"text-align: center;\">Vous avez une question, un projet ou besoin d\u2019informations compl\u00e9mentaires ? <br \/>N\u2019h\u00e9sitez pas \u00e0 nous contacter via le formulaire ci-dessous. <br \/>Nous vous r\u00e9pondrons dans les meilleurs d\u00e9lais.<\/p>\n<p>[\/et_pb_text][et_pb_divider show_divider=&#8221;off&#8221; _builder_version=&#8221;4.27.5&#8243; _module_preset=&#8221;default&#8221; global_colors_info=&#8221;{}&#8221;][\/et_pb_divider][et_pb_contact_form email=&#8221;contact@amatsumara.fr&#8221; _builder_version=&#8221;4.27.5&#8243; _module_preset=&#8221;d4c08167-e8ef-45f3-af3e-f3f914b98c68&#8243; _unique_id=&#8221;085034b6-2c25-4672-b780-7a967f5e575a&#8221; hover_enabled=&#8221;0&#8243; global_colors_info=&#8221;{}&#8221; sticky_enabled=&#8221;0&#8243; success_message=&#8221;Merci de votre message. Nous allons revenir vers tr\u00e8s prochainement&#8221; submit_button_text=&#8221;ENVOYER&#8221;][et_pb_contact_field field_id=&#8221;Nom&#8221; field_title=&#8221;Nom&#8221; _builder_version=&#8221;4.27.5&#8243; _module_preset=&#8221;default&#8221; global_colors_info=&#8221;{}&#8221; button_text_size__hover_enabled=&#8221;off&#8221; button_one_text_size__hover_enabled=&#8221;off&#8221; button_two_text_size__hover_enabled=&#8221;off&#8221; button_text_color__hover_enabled=&#8221;off&#8221; button_one_text_color__hover_enabled=&#8221;off&#8221; button_two_text_color__hover_enabled=&#8221;off&#8221; button_border_width__hover_enabled=&#8221;off&#8221; button_one_border_width__hover_enabled=&#8221;off&#8221; button_two_border_width__hover_enabled=&#8221;off&#8221; button_border_color__hover_enabled=&#8221;off&#8221; button_one_border_color__hover_enabled=&#8221;off&#8221; button_two_border_color__hover_enabled=&#8221;off&#8221; button_border_radius__hover_enabled=&#8221;off&#8221; button_one_border_radius__hover_enabled=&#8221;off&#8221; button_two_border_radius__hover_enabled=&#8221;off&#8221; button_letter_spacing__hover_enabled=&#8221;off&#8221; button_one_letter_spacing__hover_enabled=&#8221;off&#8221; button_two_letter_spacing__hover_enabled=&#8221;off&#8221; button_bg_color__hover_enabled=&#8221;off&#8221; button_one_bg_color__hover_enabled=&#8221;off&#8221; button_two_bg_color__hover_enabled=&#8221;off&#8221;][\/et_pb_contact_field][et_pb_contact_field field_id=&#8221;Pr\u00e9nom&#8221; field_title=&#8221;Pr\u00e9nom&#8221; _builder_version=&#8221;4.27.5&#8243; _module_preset=&#8221;default&#8221; global_colors_info=&#8221;{}&#8221; button_text_size__hover_enabled=&#8221;off&#8221; button_one_text_size__hover_enabled=&#8221;off&#8221; button_two_text_size__hover_enabled=&#8221;off&#8221; button_text_color__hover_enabled=&#8221;off&#8221; button_one_text_color__hover_enabled=&#8221;off&#8221; button_two_text_color__hover_enabled=&#8221;off&#8221; button_border_width__hover_enabled=&#8221;off&#8221; button_one_border_width__hover_enabled=&#8221;off&#8221; button_two_border_width__hover_enabled=&#8221;off&#8221; button_border_color__hover_enabled=&#8221;off&#8221; button_one_border_color__hover_enabled=&#8221;off&#8221; button_two_border_color__hover_enabled=&#8221;off&#8221; button_border_radius__hover_enabled=&#8221;off&#8221; button_one_border_radius__hover_enabled=&#8221;off&#8221; button_two_border_radius__hover_enabled=&#8221;off&#8221; button_letter_spacing__hover_enabled=&#8221;off&#8221; button_one_letter_spacing__hover_enabled=&#8221;off&#8221; button_two_letter_spacing__hover_enabled=&#8221;off&#8221; button_bg_color__hover_enabled=&#8221;off&#8221; button_one_bg_color__hover_enabled=&#8221;off&#8221; button_two_bg_color__hover_enabled=&#8221;off&#8221;][\/et_pb_contact_field][et_pb_contact_field field_id=&#8221;Mail_professionnel&#8221; field_title=&#8221;Mail professionnel&#8221; field_type=&#8221;email&#8221; _builder_version=&#8221;4.27.5&#8243; _module_preset=&#8221;default&#8221; global_colors_info=&#8221;{}&#8221; button_text_size__hover_enabled=&#8221;off&#8221; button_one_text_size__hover_enabled=&#8221;off&#8221; button_two_text_size__hover_enabled=&#8221;off&#8221; button_text_color__hover_enabled=&#8221;off&#8221; button_one_text_color__hover_enabled=&#8221;off&#8221; button_two_text_color__hover_enabled=&#8221;off&#8221; button_border_width__hover_enabled=&#8221;off&#8221; button_one_border_width__hover_enabled=&#8221;off&#8221; button_two_border_width__hover_enabled=&#8221;off&#8221; button_border_color__hover_enabled=&#8221;off&#8221; button_one_border_color__hover_enabled=&#8221;off&#8221; button_two_border_color__hover_enabled=&#8221;off&#8221; button_border_radius__hover_enabled=&#8221;off&#8221; button_one_border_radius__hover_enabled=&#8221;off&#8221; button_two_border_radius__hover_enabled=&#8221;off&#8221; button_letter_spacing__hover_enabled=&#8221;off&#8221; button_one_letter_spacing__hover_enabled=&#8221;off&#8221; button_two_letter_spacing__hover_enabled=&#8221;off&#8221; button_bg_color__hover_enabled=&#8221;off&#8221; button_one_bg_color__hover_enabled=&#8221;off&#8221; button_two_bg_color__hover_enabled=&#8221;off&#8221;][\/et_pb_contact_field][et_pb_contact_field field_id=&#8221;T\u00e9l\u00e9phone&#8221; field_title=&#8221;T\u00e9l\u00e9phone&#8221; _builder_version=&#8221;4.27.5&#8243; _module_preset=&#8221;default&#8221; hover_enabled=&#8221;0&#8243; global_colors_info=&#8221;{}&#8221; button_text_size__hover_enabled=&#8221;off&#8221; button_one_text_size__hover_enabled=&#8221;off&#8221; button_two_text_size__hover_enabled=&#8221;off&#8221; button_text_color__hover_enabled=&#8221;off&#8221; button_one_text_color__hover_enabled=&#8221;off&#8221; button_two_text_color__hover_enabled=&#8221;off&#8221; button_border_width__hover_enabled=&#8221;off&#8221; button_one_border_width__hover_enabled=&#8221;off&#8221; button_two_border_width__hover_enabled=&#8221;off&#8221; button_border_color__hover_enabled=&#8221;off&#8221; button_one_border_color__hover_enabled=&#8221;off&#8221; button_two_border_color__hover_enabled=&#8221;off&#8221; button_border_radius__hover_enabled=&#8221;off&#8221; button_one_border_radius__hover_enabled=&#8221;off&#8221; button_two_border_radius__hover_enabled=&#8221;off&#8221; button_letter_spacing__hover_enabled=&#8221;off&#8221; button_one_letter_spacing__hover_enabled=&#8221;off&#8221; button_two_letter_spacing__hover_enabled=&#8221;off&#8221; button_bg_color__hover_enabled=&#8221;off&#8221; button_one_bg_color__hover_enabled=&#8221;off&#8221; button_two_bg_color__hover_enabled=&#8221;off&#8221; required_mark=&#8221;off&#8221; sticky_enabled=&#8221;0&#8243; allowed_symbols=&#8221;numbers&#8221;][\/et_pb_contact_field][et_pb_contact_field field_id=&#8221;Message&#8221; field_title=&#8221;Message&#8221; field_type=&#8221;text&#8221; fullwidth_field=&#8221;on&#8221; _builder_version=&#8221;4.16&#8243; _module_preset=&#8221;default&#8221; global_colors_info=&#8221;{}&#8221; button_text_size__hover_enabled=&#8221;off&#8221; button_one_text_size__hover_enabled=&#8221;off&#8221; button_two_text_size__hover_enabled=&#8221;off&#8221; button_text_color__hover_enabled=&#8221;off&#8221; button_one_text_color__hover_enabled=&#8221;off&#8221; button_two_text_color__hover_enabled=&#8221;off&#8221; button_border_width__hover_enabled=&#8221;off&#8221; button_one_border_width__hover_enabled=&#8221;off&#8221; button_two_border_width__hover_enabled=&#8221;off&#8221; button_border_color__hover_enabled=&#8221;off&#8221; button_one_border_color__hover_enabled=&#8221;off&#8221; button_two_border_color__hover_enabled=&#8221;off&#8221; button_border_radius__hover_enabled=&#8221;off&#8221; button_one_border_radius__hover_enabled=&#8221;off&#8221; button_two_border_radius__hover_enabled=&#8221;off&#8221; button_letter_spacing__hover_enabled=&#8221;off&#8221; button_one_letter_spacing__hover_enabled=&#8221;off&#8221; button_two_letter_spacing__hover_enabled=&#8221;off&#8221; button_bg_color__hover_enabled=&#8221;off&#8221; button_one_bg_color__hover_enabled=&#8221;off&#8221; button_two_bg_color__hover_enabled=&#8221;off&#8221;][\/et_pb_contact_field][et_pb_contact_field field_id=&#8221;Field_7&#8243; field_title=&#8221;  &#8221; field_type=&#8221;checkbox&#8221; checkbox_options=&#8221;%91{%22value%22:%22J&#8217;accepte que mes donn\u00e9es soient utilis\u00e9es pour \u00eatre recontact\u00e9(e) dans le cadre de ma demande. %22,%22checked%22:0,%22dragID%22:-1}%93&#8243; fullwidth_field=&#8221;on&#8221; _builder_version=&#8221;4.27.5&#8243; _module_preset=&#8221;default&#8221; global_colors_info=&#8221;{}&#8221;][\/et_pb_contact_field][\/et_pb_contact_form][et_pb_button _builder_version=&#8221;4.27.5&#8243; _module_preset=&#8221;default&#8221; global_colors_info=&#8221;{}&#8221;][\/et_pb_button][\/et_pb_column][\/et_pb_row][et_pb_row column_structure=&#8221;1_3,1_3,1_3&#8243; _builder_version=&#8221;4.25.2&#8243; _module_preset=&#8221;default&#8221; global_colors_info=&#8221;{}&#8221;][et_pb_column type=&#8221;1_3&#8243; _builder_version=&#8221;4.25.2&#8243; _module_preset=&#8221;default&#8221; global_colors_info=&#8221;{}&#8221;][\/et_pb_column][et_pb_column type=&#8221;1_3&#8243; _builder_version=&#8221;4.27.5&#8243; _module_preset=&#8221;default&#8221; global_colors_info=&#8221;{}&#8221;][et_pb_blurb title=&#8221;Email&#8221; use_icon=&#8221;on&#8221; font_icon=&#8221;&#xe076;||divi||400&#8243; icon_color=&#8221;gcid-4c79ba3d-a281-4fb6-9b14-02f9a4c793f2&#8243; _builder_version=&#8221;4.25.2&#8243; _module_preset=&#8221;ba2f6855-e0af-4488-b0a2-8ae7f554146c&#8221; body_link_text_color=&#8221;#FFFFFF&#8221; locked=&#8221;off&#8221; global_colors_info=&#8221;{%22gcid-d7cd5a78-aaef-4f36-82a3-4d3706015cba%22:%91%22link_text_color%22,%22link_text_color%22,%22link_text_color%22%93,%22gcid-1f1b4e15-7cc6-4e13-8154-74d77a956460%22:%91%22link_text_color%22,%22quote_text_color%22,%22quote_border_color%22,%22link_text_color%22,%22quote_text_color%22,%22quote_border_color%22%93,%22gcid-4c79ba3d-a281-4fb6-9b14-02f9a4c793f2%22:%91%22icon_color%22%93}&#8221;]<\/p>\n<p><a href=\"mailto:#\">contact@amatsumara.fr<\/a><\/p>\n<p>[\/et_pb_blurb][\/et_pb_column][et_pb_column type=&#8221;1_3&#8243; _builder_version=&#8221;4.25.2&#8243; _module_preset=&#8221;default&#8221; global_colors_info=&#8221;{}&#8221;][\/et_pb_column][\/et_pb_row][\/et_pb_section][et_pb_section fb_built=&#8221;1&#8243; _builder_version=&#8221;4.27.5&#8243; _module_preset=&#8221;28d2c4d1-74d2-4e3d-9e30-d81e667e5096&#8243; background_color=&#8221;#F6F4ED&#8221; background_enable_image=&#8221;off&#8221; parallax=&#8221;on&#8221; global_colors_info=&#8221;{}&#8221;][et_pb_row _builder_version=&#8221;4.27.5&#8243; _module_preset=&#8221;default&#8221; global_colors_info=&#8221;{}&#8221;][et_pb_column type=&#8221;4_4&#8243; _builder_version=&#8221;4.27.5&#8243; _module_preset=&#8221;fb29e1ab-d721-4b48-ab09-eb3d9ff54795&#8243; background_color=&#8221;#10263C&#8221; custom_padding=&#8221;60px|60px|60px|60px|true|true&#8221; global_colors_info=&#8221;{}&#8221;][et_pb_heading title=&#8221;Un projet soutenu par l\u2019ANR, dans le cadre de France 2030&#8243; _builder_version=&#8221;4.25.2&#8243; _module_preset=&#8221;64832b39-37fa-4eaa-98b1-4343d2c80ad4&#8243; title_text_align=&#8221;center&#8221; title_text_color=&#8221;#FFFFFF&#8221; custom_margin=&#8221;||10px||false|false&#8221; global_colors_info=&#8221;{}&#8221;][\/et_pb_heading][et_pb_text _builder_version=&#8221;4.25.2&#8243; _module_preset=&#8221;e4b6676b-93a4-4ea7-83d5-3d17a8caef58&#8243; text_orientation=&#8221;center&#8221; global_colors_info=&#8221;{}&#8221;][\/et_pb_text][et_pb_text _builder_version=&#8221;4.25.2&#8243; _module_preset=&#8221;e4b6676b-93a4-4ea7-83d5-3d17a8caef58&#8243; text_orientation=&#8221;center&#8221; global_colors_info=&#8221;{}&#8221;]<\/p>\n<p><span style=\"font-size: large;\">Ce projet collaboratif est soutenu par l\u2019ANR (Agence Nationale de la Recherche) et est d\u00e9ploy\u00e9 dans le cadre de l\u2019appel \u00e0 projets \u00ab D\u00e9fi Transfert Robotique \u00bb de France 2030.<\/span><\/p>\n<p><span style=\"font-size: large;\">Projet ANR : ANR-23-DMRO-0001<\/span><\/p>\n<p>[\/et_pb_text][\/et_pb_column][\/et_pb_row][et_pb_row column_structure=&#8221;1_3,1_3,1_3&#8243; _builder_version=&#8221;4.27.5&#8243; _module_preset=&#8221;default&#8221; global_colors_info=&#8221;{}&#8221;][et_pb_column type=&#8221;1_3&#8243; _builder_version=&#8221;4.27.5&#8243; _module_preset=&#8221;default&#8221; global_colors_info=&#8221;{}&#8221;][\/et_pb_column][et_pb_column type=&#8221;1_3&#8243; _builder_version=&#8221;4.27.5&#8243; _module_preset=&#8221;default&#8221; global_colors_info=&#8221;{}&#8221;][et_pb_image src=&#8221;http:\/\/amatsumara.fr\/wp-content\/uploads\/2026\/01\/ANR-logo-2021-complet.png&#8221; title_text=&#8221;ANR-logo-2021-complet&#8221; _builder_version=&#8221;4.27.5&#8243; _module_preset=&#8221;default&#8221; global_colors_info=&#8221;{}&#8221;][\/et_pb_image][\/et_pb_column][et_pb_column type=&#8221;1_3&#8243; _builder_version=&#8221;4.27.5&#8243; _module_preset=&#8221;default&#8221; global_colors_info=&#8221;{}&#8221;][\/et_pb_column][\/et_pb_row][\/et_pb_section]<\/p>\n","protected":false},"excerpt":{"rendered":"<p>Vous avez une question, un projet ou besoin d\u2019informations compl\u00e9mentaires ? N\u2019h\u00e9sitez pas \u00e0 nous contacter via le formulaire ci-dessous. Nous vous r\u00e9pondrons dans les meilleurs d\u00e9lais.contact@amatsumara.frCe projet collaboratif est soutenu par l\u2019ANR (Agence Nationale de la Recherche) et est d\u00e9ploy\u00e9 dans le cadre de l\u2019appel \u00e0 projets \u00ab D\u00e9fi Transfert Robotique \u00bb de France [&hellip;]<\/p>\n","protected":false},"author":1,"featured_media":0,"parent":0,"menu_order":0,"comment_status":"closed","ping_status":"closed","template":"","meta":{"_et_pb_use_builder":"on","_et_pb_old_content":"","_et_gb_content_width":"","footnotes":""},"class_list":["post-62","page","type-page","status-publish","hentry"],"yoast_head":"<!-- This site is optimized with the Yoast SEO plugin v26.7 - https:\/\/yoast.com\/wordpress\/plugins\/seo\/ -->\n<title>Page contact - AMATSUMARA<\/title>\n<meta name=\"robots\" content=\"index, follow, max-snippet:-1, max-image-preview:large, max-video-preview:-1\" \/>\n<link rel=\"canonical\" href=\"https:\/\/amatsumara.fr\/index.php\/contact\/\" \/>\n<meta property=\"og:locale\" content=\"en_US\" \/>\n<meta property=\"og:type\" content=\"article\" \/>\n<meta property=\"og:title\" content=\"Page contact - AMATSUMARA\" \/>\n<meta property=\"og:description\" content=\"Vous avez une question, un projet ou besoin d\u2019informations compl\u00e9mentaires ? N\u2019h\u00e9sitez pas \u00e0 nous contacter via le formulaire ci-dessous. Nous vous r\u00e9pondrons dans les meilleurs d\u00e9lais.contact@amatsumara.frCe projet collaboratif est soutenu par l\u2019ANR (Agence Nationale de la Recherche) et est d\u00e9ploy\u00e9 dans le cadre de l\u2019appel \u00e0 projets \u00ab D\u00e9fi Transfert Robotique \u00bb de France [&hellip;]\" \/>\n<meta property=\"og:url\" content=\"https:\/\/amatsumara.fr\/index.php\/contact\/\" \/>\n<meta property=\"og:site_name\" content=\"AMATSUMARA\" \/>\n<meta property=\"article:modified_time\" content=\"2026-01-08T15:42:47+00:00\" \/>\n<meta name=\"twitter:card\" content=\"summary_large_image\" \/>\n<meta name=\"twitter:label1\" content=\"Est. reading time\" \/>\n\t<meta name=\"twitter:data1\" content=\"1 minute\" \/>\n<script type=\"application\/ld+json\" class=\"yoast-schema-graph\">{\"@context\":\"https:\/\/schema.org\",\"@graph\":[{\"@type\":\"WebPage\",\"@id\":\"https:\/\/amatsumara.fr\/index.php\/contact\/\",\"url\":\"https:\/\/amatsumara.fr\/index.php\/contact\/\",\"name\":\"Page contact - AMATSUMARA\",\"isPartOf\":{\"@id\":\"https:\/\/amatsumara.fr\/#website\"},\"datePublished\":\"2026-01-06T11:08:34+00:00\",\"dateModified\":\"2026-01-08T15:42:47+00:00\",\"breadcrumb\":{\"@id\":\"https:\/\/amatsumara.fr\/index.php\/contact\/#breadcrumb\"},\"inLanguage\":\"en-US\",\"potentialAction\":[{\"@type\":\"ReadAction\",\"target\":[\"https:\/\/amatsumara.fr\/index.php\/contact\/\"]}]},{\"@type\":\"BreadcrumbList\",\"@id\":\"https:\/\/amatsumara.fr\/index.php\/contact\/#breadcrumb\",\"itemListElement\":[{\"@type\":\"ListItem\",\"position\":1,\"name\":\"Accueil\",\"item\":\"http:\/\/amatsumara.fr\/\"},{\"@type\":\"ListItem\",\"position\":2,\"name\":\"Page contact\"}]},{\"@type\":\"WebSite\",\"@id\":\"https:\/\/amatsumara.fr\/#website\",\"url\":\"https:\/\/amatsumara.fr\/\",\"name\":\"AMATSUMARA\",\"description\":\"\",\"publisher\":{\"@id\":\"https:\/\/amatsumara.fr\/#organization\"},\"potentialAction\":[{\"@type\":\"SearchAction\",\"target\":{\"@type\":\"EntryPoint\",\"urlTemplate\":\"https:\/\/amatsumara.fr\/?s={search_term_string}\"},\"query-input\":{\"@type\":\"PropertyValueSpecification\",\"valueRequired\":true,\"valueName\":\"search_term_string\"}}],\"inLanguage\":\"en-US\"},{\"@type\":\"Organization\",\"@id\":\"https:\/\/amatsumara.fr\/#organization\",\"name\":\"AMATSUMARA\",\"url\":\"https:\/\/amatsumara.fr\/\",\"logo\":{\"@type\":\"ImageObject\",\"inLanguage\":\"en-US\",\"@id\":\"https:\/\/amatsumara.fr\/#\/schema\/logo\/image\/\",\"url\":\"https:\/\/amatsumara.fr\/wp-content\/uploads\/2025\/12\/Amatsumara_Logo.png\",\"contentUrl\":\"https:\/\/amatsumara.fr\/wp-content\/uploads\/2025\/12\/Amatsumara_Logo.png\",\"width\":1453,\"height\":389,\"caption\":\"AMATSUMARA\"},\"image\":{\"@id\":\"https:\/\/amatsumara.fr\/#\/schema\/logo\/image\/\"}}]}<\/script>\n<!-- \/ Yoast SEO plugin. -->","yoast_head_json":{"title":"Page contact - AMATSUMARA","robots":{"index":"index","follow":"follow","max-snippet":"max-snippet:-1","max-image-preview":"max-image-preview:large","max-video-preview":"max-video-preview:-1"},"canonical":"https:\/\/amatsumara.fr\/index.php\/contact\/","og_locale":"en_US","og_type":"article","og_title":"Page contact - AMATSUMARA","og_description":"Vous avez une question, un projet ou besoin d\u2019informations compl\u00e9mentaires ? N\u2019h\u00e9sitez pas \u00e0 nous contacter via le formulaire ci-dessous. Nous vous r\u00e9pondrons dans les meilleurs d\u00e9lais.contact@amatsumara.frCe projet collaboratif est soutenu par l\u2019ANR (Agence Nationale de la Recherche) et est d\u00e9ploy\u00e9 dans le cadre de l\u2019appel \u00e0 projets \u00ab D\u00e9fi Transfert Robotique \u00bb de France [&hellip;]","og_url":"https:\/\/amatsumara.fr\/index.php\/contact\/","og_site_name":"AMATSUMARA","article_modified_time":"2026-01-08T15:42:47+00:00","twitter_card":"summary_large_image","twitter_misc":{"Est. reading time":"1 minute"},"schema":{"@context":"https:\/\/schema.org","@graph":[{"@type":"WebPage","@id":"https:\/\/amatsumara.fr\/index.php\/contact\/","url":"https:\/\/amatsumara.fr\/index.php\/contact\/","name":"Page contact - AMATSUMARA","isPartOf":{"@id":"https:\/\/amatsumara.fr\/#website"},"datePublished":"2026-01-06T11:08:34+00:00","dateModified":"2026-01-08T15:42:47+00:00","breadcrumb":{"@id":"https:\/\/amatsumara.fr\/index.php\/contact\/#breadcrumb"},"inLanguage":"en-US","potentialAction":[{"@type":"ReadAction","target":["https:\/\/amatsumara.fr\/index.php\/contact\/"]}]},{"@type":"BreadcrumbList","@id":"https:\/\/amatsumara.fr\/index.php\/contact\/#breadcrumb","itemListElement":[{"@type":"ListItem","position":1,"name":"Accueil","item":"http:\/\/amatsumara.fr\/"},{"@type":"ListItem","position":2,"name":"Page contact"}]},{"@type":"WebSite","@id":"https:\/\/amatsumara.fr\/#website","url":"https:\/\/amatsumara.fr\/","name":"AMATSUMARA","description":"","publisher":{"@id":"https:\/\/amatsumara.fr\/#organization"},"potentialAction":[{"@type":"SearchAction","target":{"@type":"EntryPoint","urlTemplate":"https:\/\/amatsumara.fr\/?s={search_term_string}"},"query-input":{"@type":"PropertyValueSpecification","valueRequired":true,"valueName":"search_term_string"}}],"inLanguage":"en-US"},{"@type":"Organization","@id":"https:\/\/amatsumara.fr\/#organization","name":"AMATSUMARA","url":"https:\/\/amatsumara.fr\/","logo":{"@type":"ImageObject","inLanguage":"en-US","@id":"https:\/\/amatsumara.fr\/#\/schema\/logo\/image\/","url":"https:\/\/amatsumara.fr\/wp-content\/uploads\/2025\/12\/Amatsumara_Logo.png","contentUrl":"https:\/\/amatsumara.fr\/wp-content\/uploads\/2025\/12\/Amatsumara_Logo.png","width":1453,"height":389,"caption":"AMATSUMARA"},"image":{"@id":"https:\/\/amatsumara.fr\/#\/schema\/logo\/image\/"}}]}},"_links":{"self":[{"href":"https:\/\/amatsumara.fr\/index.php\/wp-json\/wp\/v2\/pages\/62","targetHints":{"allow":["GET"]}}],"collection":[{"href":"https:\/\/amatsumara.fr\/index.php\/wp-json\/wp\/v2\/pages"}],"about":[{"href":"https:\/\/amatsumara.fr\/index.php\/wp-json\/wp\/v2\/types\/page"}],"author":[{"embeddable":true,"href":"https:\/\/amatsumara.fr\/index.php\/wp-json\/wp\/v2\/users\/1"}],"replies":[{"embeddable":true,"href":"https:\/\/amatsumara.fr\/index.php\/wp-json\/wp\/v2\/comments?post=62"}],"version-history":[{"count":12,"href":"https:\/\/amatsumara.fr\/index.php\/wp-json\/wp\/v2\/pages\/62\/revisions"}],"predecessor-version":[{"id":251,"href":"https:\/\/amatsumara.fr\/index.php\/wp-json\/wp\/v2\/pages\/62\/revisions\/251"}],"wp:attachment":[{"href":"https:\/\/amatsumara.fr\/index.php\/wp-json\/wp\/v2\/media?parent=62"}],"curies":[{"name":"wp","href":"https:\/\/api.w.org\/{rel}","templated":true}]}}